{"id":540,"date":"2018-11-27T09:16:54","date_gmt":"2018-11-27T09:16:54","guid":{"rendered":"https:\/\/musicmakerperu.com\/markomusica\/home\/"},"modified":"2026-01-06T22:39:34","modified_gmt":"2026-01-06T22:39:34","slug":"home","status":"publish","type":"page","link":"https:\/\/musicmakerperu.com\/melendi2026\/","title":{"rendered":"Home"},"content":{"rendered":"\t\t<div data-elementor-type=\"wp-page\" data-elementor-id=\"540\" class=\"elementor elementor-540\" data-elementor-post-type=\"page\">\n\t\t\t\t\t\t\t\t\t<section class=\"elementor-section elementor-top-section elementor-element elementor-element-01ffef0 elementor-section-boxed elementor-section-height-default elementor-section-height-default\" data-id=\"01ffef0\" data-element_type=\"section\" data-settings=\"{&quot;background_background&quot;:&quot;classic&quot;}\">\n\t\t\t\t\t\t<div class=\"elementor-container elementor-column-gap-default\">\n\t\t\t\t\t<div class=\"elementor-column elementor-col-100 elementor-top-column elementor-element elementor-element-0aa0836\" data-id=\"0aa0836\" data-element_type=\"column\">\n\t\t\t<div class=\"elementor-widget-wrap elementor-element-populated\">\n\t\t\t\t\t\t\t\t<section class=\"elementor-section elementor-inner-section elementor-element elementor-element-5415cda elementor-section-boxed elementor-section-height-default elementor-section-height-default\" data-id=\"5415cda\" data-element_type=\"section\">\n\t\t\t\t\t\t<div class=\"elementor-container elementor-column-gap-default\">\n\t\t\t\t\t<div class=\"elementor-column elementor-col-50 elementor-inner-column elementor-element elementor-element-2c614c4\" data-id=\"2c614c4\" data-element_type=\"column\">\n\t\t\t<div class=\"elementor-widget-wrap elementor-element-populated\">\n\t\t\t\t\t\t\t\t<div class=\"elementor-element elementor-element-a15c162 elementor-widget elementor-widget-image\" data-id=\"a15c162\" data-element_type=\"widget\" data-widget_type=\"image.default\">\n\t\t\t\t<div class=\"elementor-widget-container\">\n\t\t\t<style>\/*! elementor - v3.18.0 - 06-12-2023 *\/\n.elementor-widget-image{text-align:center}.elementor-widget-image a{display:inline-block}.elementor-widget-image a img[src$=\".svg\"]{width:48px}.elementor-widget-image img{vertical-align:middle;display:inline-block}<\/style>\t\t\t\t\t\t\t\t\t\t\t\t<img fetchpriority=\"high\" decoding=\"async\" width=\"1072\" height=\"1318\" src=\"https:\/\/musicmakerperu.com\/melendi2026\/wp-content\/uploads\/2026\/01\/WhatsApp-Image-2026-01-06-at-13.56.28.jpeg\" class=\"attachment-full size-full wp-image-806\" alt=\"\" srcset=\"https:\/\/musicmakerperu.com\/melendi2026\/wp-content\/uploads\/2026\/01\/WhatsApp-Image-2026-01-06-at-13.56.28.jpeg 1072w, https:\/\/musicmakerperu.com\/melendi2026\/wp-content\/uploads\/2026\/01\/WhatsApp-Image-2026-01-06-at-13.56.28-244x300.jpeg 244w, https:\/\/musicmakerperu.com\/melendi2026\/wp-content\/uploads\/2026\/01\/WhatsApp-Image-2026-01-06-at-13.56.28-833x1024.jpeg 833w, https:\/\/musicmakerperu.com\/melendi2026\/wp-content\/uploads\/2026\/01\/WhatsApp-Image-2026-01-06-at-13.56.28-768x944.jpeg 768w\" sizes=\"(max-width: 1072px) 100vw, 1072px\" \/>\t\t\t\t\t\t\t\t\t\t\t\t\t\t\t<\/div>\n\t\t\t\t<\/div>\n\t\t\t\t<div class=\"elementor-element elementor-element-3aad54f elementor-widget elementor-widget-image\" data-id=\"3aad54f\" data-element_type=\"widget\" data-widget_type=\"image.default\">\n\t\t\t\t<div class=\"elementor-widget-container\">\n\t\t\t\t\t\t\t\t\t\t\t\t\t\t\t<img decoding=\"async\" width=\"209\" height=\"46\" src=\"https:\/\/musicmakerperu.com\/melendi2026\/wp-content\/uploads\/2026\/01\/WhatsApp-Image-2026-01-06-at-13.59.19.jpeg\" class=\"attachment-large size-large wp-image-810\" alt=\"\" \/>\t\t\t\t\t\t\t\t\t\t\t\t\t\t\t<\/div>\n\t\t\t\t<\/div>\n\t\t\t\t\t<\/div>\n\t\t<\/div>\n\t\t\t\t<div class=\"elementor-column elementor-col-50 elementor-inner-column elementor-element elementor-element-1aaf044\" data-id=\"1aaf044\" data-element_type=\"column\">\n\t\t\t<div class=\"elementor-widget-wrap elementor-element-populated\">\n\t\t\t\t\t\t\t\t<div class=\"elementor-element elementor-element-7ab27f3 elementor-widget__width-initial elementor-widget elementor-widget-heading\" data-id=\"7ab27f3\" data-element_type=\"widget\" data-widget_type=\"heading.default\">\n\t\t\t\t<div class=\"elementor-widget-container\">\n\t\t\t<style>\/*! elementor - v3.18.0 - 06-12-2023 *\/\n.elementor-heading-title{padding:0;margin:0;line-height:1}.elementor-widget-heading .elementor-heading-title[class*=elementor-size-]>a{color:inherit;font-size:inherit;line-height:inherit}.elementor-widget-heading .elementor-heading-title.elementor-size-small{font-size:15px}.elementor-widget-heading .elementor-heading-title.elementor-size-medium{font-size:19px}.elementor-widget-heading .elementor-heading-title.elementor-size-large{font-size:29px}.elementor-widget-heading .elementor-heading-title.elementor-size-xl{font-size:39px}.elementor-widget-heading .elementor-heading-title.elementor-size-xxl{font-size:59px}<\/style><h2 class=\"elementor-heading-title elementor-size-default\">EL RECONOCIDO CANTANTE ESPA\u00d1OL MELENDI VUELVE A LIMA ESTE 6 DE MARZO EN EL CENTRO DE CONVENCIONES COSTA 21<\/h2>\t\t<\/div>\n\t\t\t\t<\/div>\n\t\t\t\t<div class=\"elementor-element elementor-element-874b8fb elementor-align-center elementor-widget elementor-widget-button\" data-id=\"874b8fb\" data-element_type=\"widget\" data-widget_type=\"button.default\">\n\t\t\t\t<div class=\"elementor-widget-container\">\n\t\t\t\t\t<div class=\"elementor-button-wrapper\">\n\t\t\t<a class=\"elementor-button elementor-button-link elementor-size-sm\" href=\"https:\/\/musicmakerperu.com\/melendi2026\/informacion\/\">\n\t\t\t\t\t\t<span class=\"elementor-button-content-wrapper\">\n\t\t\t\t\t\t<span class=\"elementor-button-icon elementor-align-icon-right\">\n\t\t\t\t\t\t\t<\/span>\n\t\t\t\t\t\t<span class=\"elementor-button-text\">Ver precios<\/span>\n\t\t<\/span>\n\t\t\t\t\t<\/a>\n\t\t<\/div>\n\t\t\t\t<\/div>\n\t\t\t\t<\/div>\n\t\t\t\t\t<\/div>\n\t\t<\/div>\n\t\t\t\t\t\t\t<\/div>\n\t\t<\/section>\n\t\t\t\t\t<\/div>\n\t\t<\/div>\n\t\t\t\t\t\t\t<\/div>\n\t\t<\/section>\n\t\t\t\t<section class=\"elementor-section elementor-top-section elementor-element elementor-element-ac0a321 elementor-section-boxed elementor-section-height-default elementor-section-height-default\" data-id=\"ac0a321\" data-element_type=\"section\" data-settings=\"{&quot;background_background&quot;:&quot;classic&quot;}\">\n\t\t\t\t\t\t<div class=\"elementor-container elementor-column-gap-default\">\n\t\t\t\t\t<div class=\"elementor-column elementor-col-100 elementor-top-column elementor-element elementor-element-319ba0d\" data-id=\"319ba0d\" data-element_type=\"column\">\n\t\t\t<div class=\"elementor-widget-wrap elementor-element-populated\">\n\t\t\t\t\t\t\t\t<div class=\"elementor-element elementor-element-8f7453a elementor-widget elementor-widget-text-editor\" data-id=\"8f7453a\" data-element_type=\"widget\" data-widget_type=\"text-editor.default\">\n\t\t\t\t<div class=\"elementor-widget-container\">\n\t\t\t<style>\/*! elementor - v3.18.0 - 06-12-2023 *\/\n.elementor-widget-text-editor.elementor-drop-cap-view-stacked .elementor-drop-cap{background-color:#69727d;color:#fff}.elementor-widget-text-editor.elementor-drop-cap-view-framed .elementor-drop-cap{color:#69727d;border:3px solid;background-color:transparent}.elementor-widget-text-editor:not(.elementor-drop-cap-view-default) .elementor-drop-cap{margin-top:8px}.elementor-widget-text-editor:not(.elementor-drop-cap-view-default) .elementor-drop-cap-letter{width:1em;height:1em}.elementor-widget-text-editor .elementor-drop-cap{float:left;text-align:center;line-height:1;font-size:50px}.elementor-widget-text-editor .elementor-drop-cap-letter{display:inline-block}<\/style>\t\t\t\t<p>Melendi, tras haberse recorrido todo Espa\u00f1a y parte de Latinoam\u00e9rica en 2024 con su exitosa gira \u201c20 a\u00f1os sin noticias\u201d, regresar\u00e1 de nuevo al continente americano en 2025. Lo har\u00e1 tras haber realizado 80 conciertos y haber congregado a m\u00e1s de 800.000 personas en una de la gira m\u00e1s importante y multitudinaria de todos los tiempos. Adem\u00e1s, Melendi, acaba de ser nombrado el d\u00e9cimo artista espa\u00f1ol m\u00e1s escuchado en Spotify y sus videos en YouTube alcanzan la friolera de 2 millones de visualizaciones al d\u00eda.<\/p>\t\t\t\t\t\t<\/div>\n\t\t\t\t<\/div>\n\t\t\t\t<div class=\"elementor-element elementor-element-0e6bb8f elementor-align-center elementor-widget elementor-widget-button\" data-id=\"0e6bb8f\" data-element_type=\"widget\" data-widget_type=\"button.default\">\n\t\t\t\t<div class=\"elementor-widget-container\">\n\t\t\t\t\t<div class=\"elementor-button-wrapper\">\n\t\t\t<a class=\"elementor-button elementor-button-link elementor-size-sm\" href=\"https:\/\/www.youtube.com\/watch?v=OhMlv39ma4A\">\n\t\t\t\t\t\t<span class=\"elementor-button-content-wrapper\">\n\t\t\t\t\t\t<span class=\"elementor-button-icon elementor-align-icon-right\">\n\t\t\t\t\t\t\t<\/span>\n\t\t\t\t\t\t<span class=\"elementor-button-text\">Ver videos<\/span>\n\t\t<\/span>\n\t\t\t\t\t<\/a>\n\t\t<\/div>\n\t\t\t\t<\/div>\n\t\t\t\t<\/div>\n\t\t\t\t\t<\/div>\n\t\t<\/div>\n\t\t\t\t\t\t\t<\/div>\n\t\t<\/section>\n\t\t\t\t<section class=\"elementor-section elementor-top-section elementor-element elementor-element-55749d5 elementor-section-boxed elementor-section-height-default elementor-section-height-default\" data-id=\"55749d5\" data-element_type=\"section\" data-settings=\"{&quot;background_background&quot;:&quot;classic&quot;}\">\n\t\t\t\t\t\t<div class=\"elementor-container elementor-column-gap-default\">\n\t\t\t\t\t<div class=\"elementor-column elementor-col-100 elementor-top-column elementor-element elementor-element-e69a7c8\" data-id=\"e69a7c8\" data-element_type=\"column\">\n\t\t\t<div class=\"elementor-widget-wrap elementor-element-populated\">\n\t\t\t\t\t\t\t\t<div class=\"elementor-element elementor-element-e5e7443 elementor-widget__width-initial elementor-widget elementor-widget-heading\" data-id=\"e5e7443\" data-element_type=\"widget\" data-widget_type=\"heading.default\">\n\t\t\t\t<div class=\"elementor-widget-container\">\n\t\t\t<h2 class=\"elementor-heading-title elementor-size-default\">MELENDI WORLD TOUR 2026<\/h2>\t\t<\/div>\n\t\t\t\t<\/div>\n\t\t\t\t\t<\/div>\n\t\t<\/div>\n\t\t\t\t\t\t\t<\/div>\n\t\t<\/section>\n\t\t\t\t<section class=\"elementor-section elementor-top-section elementor-element elementor-element-3ec2c70 elementor-section-content-middle elementor-section-boxed elementor-section-height-default elementor-section-height-default\" data-id=\"3ec2c70\" data-element_type=\"section\">\n\t\t\t\t\t\t<div class=\"elementor-container elementor-column-gap-default\">\n\t\t\t\t\t<div class=\"elementor-column elementor-col-50 elementor-top-column elementor-element elementor-element-3279ccb\" data-id=\"3279ccb\" data-element_type=\"column\">\n\t\t\t<div class=\"elementor-widget-wrap elementor-element-populated\">\n\t\t\t\t\t\t\t\t<div class=\"elementor-element elementor-element-de895e3 elementor-widget elementor-widget-image\" data-id=\"de895e3\" data-element_type=\"widget\" data-widget_type=\"image.default\">\n\t\t\t\t<div class=\"elementor-widget-container\">\n\t\t\t\t\t\t\t\t\t\t\t\t\t\t\t<img decoding=\"async\" width=\"1024\" height=\"592\" src=\"https:\/\/musicmakerperu.com\/melendi2026\/wp-content\/uploads\/2026\/01\/WhatsApp-Image-2026-01-06-at-13.50.15-1024x592.jpeg\" class=\"attachment-large size-large wp-image-808\" alt=\"\" srcset=\"https:\/\/musicmakerperu.com\/melendi2026\/wp-content\/uploads\/2026\/01\/WhatsApp-Image-2026-01-06-at-13.50.15-1024x592.jpeg 1024w, https:\/\/musicmakerperu.com\/melendi2026\/wp-content\/uploads\/2026\/01\/WhatsApp-Image-2026-01-06-at-13.50.15-300x174.jpeg 300w, https:\/\/musicmakerperu.com\/melendi2026\/wp-content\/uploads\/2026\/01\/WhatsApp-Image-2026-01-06-at-13.50.15-768x444.jpeg 768w, https:\/\/musicmakerperu.com\/melendi2026\/wp-content\/uploads\/2026\/01\/WhatsApp-Image-2026-01-06-at-13.50.15.jpeg 1490w\" sizes=\"(max-width: 1024px) 100vw, 1024px\" \/>\t\t\t\t\t\t\t\t\t\t\t\t\t\t\t<\/div>\n\t\t\t\t<\/div>\n\t\t\t\t\t<\/div>\n\t\t<\/div>\n\t\t\t\t<div class=\"elementor-column elementor-col-50 elementor-top-column elementor-element elementor-element-1a77967\" data-id=\"1a77967\" data-element_type=\"column\">\n\t\t\t<div class=\"elementor-widget-wrap elementor-element-populated\">\n\t\t\t\t\t\t\t\t<div class=\"elementor-element elementor-element-4fe1e34 elementor-widget elementor-widget-text-editor\" data-id=\"4fe1e34\" data-element_type=\"widget\" data-widget_type=\"text-editor.default\">\n\t\t\t\t<div class=\"elementor-widget-container\">\n\t\t\t\t\t\t\t<p>El fen\u00f3meno Melendi ha traspasado todos los l\u00edmites inimaginables y ha se ha convertido en un movimiento transgeneracional donde es capaz de congregar en un solo concierto 3 generaciones de fans que corean al un\u00edsono cada himno que el artista guarda en su cat\u00e1logo.<\/p><p>Melendi est\u00e1 preparando para este 2025 un nuevo espect\u00e1culo y repertorio donde har\u00e1 un recorrido por todas esas m\u00edticas canciones que le han llevado al asturiano a encumbrarse a lo mas alto del panorama nacional e internacional. Sin duda, algo que todos sus seguidores estaban esperando, una vez m\u00e1s.<\/p>\t\t\t\t\t\t<\/div>\n\t\t\t\t<\/div>\n\t\t\t\t\t<\/div>\n\t\t<\/div>\n\t\t\t\t\t\t\t<\/div>\n\t\t<\/section>\n\t\t\t\t<section class=\"elementor-section elementor-top-section elementor-element elementor-element-343d4bd elementor-section-full_width elementor-section-height-default elementor-section-height-default\" data-id=\"343d4bd\" data-element_type=\"section\">\n\t\t\t\t\t\t<div class=\"elementor-container elementor-column-gap-default\">\n\t\t\t\t\t<div class=\"elementor-column elementor-col-100 elementor-top-column elementor-element elementor-element-69d9ee6\" data-id=\"69d9ee6\" data-element_type=\"column\">\n\t\t\t<div class=\"elementor-widget-wrap elementor-element-populated\">\n\t\t\t\t\t\t\t\t<div class=\"elementor-element elementor-element-eb707fb elementor-widget elementor-widget-image\" data-id=\"eb707fb\" data-element_type=\"widget\" data-widget_type=\"image.default\">\n\t\t\t\t<div class=\"elementor-widget-container\">\n\t\t\t\t\t\t\t\t\t\t\t\t\t\t\t<img loading=\"lazy\" decoding=\"async\" width=\"1024\" height=\"80\" src=\"https:\/\/musicmakerperu.com\/melendi2026\/wp-content\/uploads\/2026\/01\/WhatsApp-Image-2026-01-06-at-13.51.22-1024x80.jpeg\" class=\"attachment-large size-large wp-image-809\" alt=\"\" srcset=\"https:\/\/musicmakerperu.com\/melendi2026\/wp-content\/uploads\/2026\/01\/WhatsApp-Image-2026-01-06-at-13.51.22-1024x80.jpeg 1024w, https:\/\/musicmakerperu.com\/melendi2026\/wp-content\/uploads\/2026\/01\/WhatsApp-Image-2026-01-06-at-13.51.22-300x23.jpeg 300w, https:\/\/musicmakerperu.com\/melendi2026\/wp-content\/uploads\/2026\/01\/WhatsApp-Image-2026-01-06-at-13.51.22-768x60.jpeg 768w, https:\/\/musicmakerperu.com\/melendi2026\/wp-content\/uploads\/2026\/01\/WhatsApp-Image-2026-01-06-at-13.51.22-1536x120.jpeg 1536w, https:\/\/musicmakerperu.com\/melendi2026\/wp-content\/uploads\/2026\/01\/WhatsApp-Image-2026-01-06-at-13.51.22.jpeg 1596w\" sizes=\"(max-width: 1024px) 100vw, 1024px\" \/>\t\t\t\t\t\t\t\t\t\t\t\t\t\t\t<\/div>\n\t\t\t\t<\/div>\n\t\t\t\t\t<\/div>\n\t\t<\/div>\n\t\t\t\t\t\t\t<\/div>\n\t\t<\/section>\n\t\t\t\t\t\t\t<\/div>\n\t\t","protected":false},"excerpt":{"rendered":"<p>EL RECONOCIDO CANTANTE ESPA\u00d1OL MELENDI VUELVE A LIMA ESTE 6 DE MARZO EN EL CENTRO DE CONVENCIONES COSTA 21 Ver precios Melendi, tras haberse recorrido todo Espa\u00f1a y parte de Latinoam\u00e9rica en 2024 con su exitosa gira \u201c20 a\u00f1os sin noticias\u201d, regresar\u00e1 de nuevo al continente americano en 2025. Lo har\u00e1 tras haber realizado 80 &hellip;<\/p>\n<p class=\"read-more\"> <a class=\"\" href=\"https:\/\/musicmakerperu.com\/melendi2026\/\"> <span class=\"screen-reader-text\">Home<\/span> Leer m\u00e1s &raquo;<\/a><\/p>\n","protected":false},"author":1,"featured_media":0,"parent":0,"menu_order":0,"comment_status":"closed","ping_status":"closed","template":"","meta":{"site-sidebar-layout":"no-sidebar","site-content-layout":"page-builder","ast-global-header-display":"","ast-banner-title-visibility":"","ast-main-header-display":"","ast-hfb-above-header-display":"","ast-hfb-below-header-display":"","ast-hfb-mobile-header-display":"","site-post-title":"disabled","ast-breadcrumbs-content":"","ast-featured-img":"disabled","footer-sml-layout":"","theme-transparent-header-meta":"enabled","adv-header-id-meta":"","stick-header-meta":"","header-above-stick-meta":"","header-main-stick-meta":"","header-below-stick-meta":"","footnotes":""},"class_list":["post-540","page","type-page","status-publish","hentry"],"_links":{"self":[{"href":"https:\/\/musicmakerperu.com\/melendi2026\/wp-json\/wp\/v2\/pages\/540","targetHints":{"allow":["GET"]}}],"collection":[{"href":"https:\/\/musicmakerperu.com\/melendi2026\/wp-json\/wp\/v2\/pages"}],"about":[{"href":"https:\/\/musicmakerperu.com\/melendi2026\/wp-json\/wp\/v2\/types\/page"}],"author":[{"embeddable":true,"href":"https:\/\/musicmakerperu.com\/melendi2026\/wp-json\/wp\/v2\/users\/1"}],"replies":[{"embeddable":true,"href":"https:\/\/musicmakerperu.com\/melendi2026\/wp-json\/wp\/v2\/comments?post=540"}],"version-history":[{"count":100,"href":"https:\/\/musicmakerperu.com\/melendi2026\/wp-json\/wp\/v2\/pages\/540\/revisions"}],"predecessor-version":[{"id":843,"href":"https:\/\/musicmakerperu.com\/melendi2026\/wp-json\/wp\/v2\/pages\/540\/revisions\/843"}],"wp:attachment":[{"href":"https:\/\/musicmakerperu.com\/melendi2026\/wp-json\/wp\/v2\/media?parent=540"}],"curies":[{"name":"wp","href":"https:\/\/api.w.org\/{rel}","templated":true}]}}