{"id":15,"date":"2026-01-19T01:44:22","date_gmt":"2026-01-19T01:44:22","guid":{"rendered":"https:\/\/musicmakerperu.com\/luckra\/?page_id=15"},"modified":"2026-01-26T13:46:37","modified_gmt":"2026-01-26T13:46:37","slug":"inicio","status":"publish","type":"page","link":"https:\/\/musicmakerperu.com\/luckra\/","title":{"rendered":"Inicio"},"content":{"rendered":"\t\t<div data-elementor-type=\"wp-page\" data-elementor-id=\"15\" class=\"elementor elementor-15\" data-elementor-post-type=\"page\">\n\t\t\t\t<div class=\"elementor-element elementor-element-3323a8e e-flex e-con-boxed e-con e-parent\" data-id=\"3323a8e\" data-element_type=\"container\" data-settings=\"{&quot;background_background&quot;:&quot;classic&quot;}\">\n\t\t\t\t\t<div class=\"e-con-inner\">\n\t\t\t\t\t<\/div>\n\t\t\t\t<\/div>\n\t\t<a class=\"elementor-element elementor-element-7a9b3bb e-con-full e-flex e-con e-parent\" data-id=\"7a9b3bb\" data-element_type=\"container\" data-settings=\"{&quot;background_background&quot;:&quot;classic&quot;}\" href=\"#\">\n\t\t<a class=\"elementor-element elementor-element-8d67aa5 e-con-full e-flex e-con e-child\" data-id=\"8d67aa5\" data-element_type=\"container\" data-settings=\"{&quot;background_background&quot;:&quot;classic&quot;}\" href=\"#formulario\">\n\t\t\t\t<div class=\"elementor-element elementor-element-55271f7 elementor-align-center elementor-icon-list--layout-traditional elementor-list-item-link-full_width elementor-widget elementor-widget-icon-list\" data-id=\"55271f7\" data-element_type=\"widget\" data-widget_type=\"icon-list.default\">\n\t\t\t\t\t\t\t<ul class=\"elementor-icon-list-items\">\n\t\t\t\t\t\t\t<li class=\"elementor-icon-list-item\">\n\t\t\t\t\t\t\t\t\t\t\t<span class=\"elementor-icon-list-icon\">\n\t\t\t\t\t\t\t<svg aria-hidden=\"true\" class=\"e-font-icon-svg e-fas-ticket-alt\" viewBox=\"0 0 576 512\" xmlns=\"http:\/\/www.w3.org\/2000\/svg\"><path d=\"M128 160h320v192H128V160zm400 96c0 26.51 21.49 48 48 48v96c0 26.51-21.49 48-48 48H48c-26.51 0-48-21.49-48-48v-96c26.51 0 48-21.49 48-48s-21.49-48-48-48v-96c0-26.51 21.49-48 48-48h480c26.51 0 48 21.49 48 48v96c-26.51 0-48 21.49-48 48zm-48-104c0-13.255-10.745-24-24-24H120c-13.255 0-24 10.745-24 24v208c0 13.255 10.745 24 24 24h336c13.255 0 24-10.745 24-24V152z\"><\/path><\/svg>\t\t\t\t\t\t<\/span>\n\t\t\t\t\t\t\t\t\t\t<span class=\"elementor-icon-list-text\">M\u00c1S INFORMACI\u00d3N<\/span>\n\t\t\t\t\t\t\t\t\t<\/li>\n\t\t\t\t\t\t<\/ul>\n\t\t\t\t\t\t<\/div>\n\t\t\t\t<\/a>\n\t\t\t\t<\/a>\n\t\t<div class=\"elementor-element elementor-element-fc23824 e-flex e-con-boxed e-con e-parent\" data-id=\"fc23824\" data-element_type=\"container\" data-settings=\"{&quot;background_background&quot;:&quot;classic&quot;}\">\n\t\t\t\t\t<div class=\"e-con-inner\">\n\t\t<div class=\"elementor-element elementor-element-6e65a88 e-con-full e-flex e-con e-child\" data-id=\"6e65a88\" data-element_type=\"container\">\n\t\t<div class=\"elementor-element elementor-element-df808c1 e-con-full e-flex e-con e-child\" data-id=\"df808c1\" data-element_type=\"container\">\n\t\t\t\t<div class=\"elementor-element elementor-element-56b71c2 elementor-widget elementor-widget-image\" data-id=\"56b71c2\" data-element_type=\"widget\" data-widget_type=\"image.default\">\n\t\t\t\t\t\t\t\t\t\t\t\t\t\t\t<img fetchpriority=\"high\" decoding=\"async\" width=\"500\" height=\"536\" src=\"https:\/\/musicmakerperu.com\/luckra\/wp-content\/uploads\/2026\/01\/disco-imagen-1.jpg\" class=\"attachment-full size-full wp-image-95\" alt=\"\" srcset=\"https:\/\/musicmakerperu.com\/luckra\/wp-content\/uploads\/2026\/01\/disco-imagen-1.jpg 500w, https:\/\/musicmakerperu.com\/luckra\/wp-content\/uploads\/2026\/01\/disco-imagen-1-280x300.jpg 280w\" sizes=\"(max-width: 500px) 100vw, 500px\" \/>\t\t\t\t\t\t\t\t\t\t\t\t\t\t\t<\/div>\n\t\t\t\t<\/div>\n\t\t<div class=\"elementor-element elementor-element-ee6b46b e-con-full e-flex e-con e-child\" data-id=\"ee6b46b\" data-element_type=\"container\">\n\t\t\t\t<div class=\"elementor-element elementor-element-77a9fd7 elementor-widget elementor-widget-heading\" data-id=\"77a9fd7\" data-element_type=\"widget\" data-widget_type=\"heading.default\">\n\t\t\t\t\t<h2 class=\"elementor-heading-title elementor-size-default\">Luck RA 2026<\/h2>\t\t\t\t<\/div>\n\t\t\t\t<div class=\"elementor-element elementor-element-154d869 elementor-widget elementor-widget-text-editor\" data-id=\"154d869\" data-element_type=\"widget\" data-widget_type=\"text-editor.default\">\n\t\t\t\t\t\t\t\t\t<p>Llega a Lima por primera vez el fen\u00f3meno y revelaci\u00f3n del pop urbano y cuarteto argentino, LUCK RA quien se presentar\u00e1 el pr\u00f3ximo 22 de Mayo en Multiespacio Costa 21.<\/p><p>El juvenil cantautor y streamer oriundo de C\u00f3rdoba, aterrizar\u00e1 en nuestra capital con una puesta en escena de gran formato, banda en vivo y todos sus grandes hits como \u201cLa morocha\u201d, \u201cHola perdida\u201d, \u201cQue casualidad \u201c, \u201cTattoo remix\u201d, \u201cDoctor\u201d , \u201cTu misterioso alguien\u201d, \u201cFue culpa tuya\u201d, \u201cPrincesa\u201d, \u201cUn siglo sin ti\u201d entre otros.<\/p><p>LUCK RA, es en la actualidad una de las voces m\u00e1s representativas de Argentina que ha cruzado el charco siendo nominado en \u201cLos 40 Music Awards\u201d y ganador del \u201cMTV Europe M\u00fasic Awards, as\u00ed como tambi\u00e9n ha ganado en su tierra el \u201cPremio Carlos Gardel\u201d, \u201cPremio Quiero\u201d y \u201cPremio Coscu Army Awards\u201d, y fue nominado a los \u201cPremios Juventud\u201d.<\/p>\t\t\t\t\t\t\t\t<\/div>\n\t\t\t\t<\/div>\n\t\t\t\t<\/div>\n\t\t\t\t<div class=\"elementor-element elementor-element-175e1ec elementor-widget elementor-widget-image\" data-id=\"175e1ec\" data-element_type=\"widget\" data-widget_type=\"image.default\">\n\t\t\t\t\t\t\t\t\t\t\t\t\t\t\t<img decoding=\"async\" width=\"775\" height=\"508\" src=\"https:\/\/musicmakerperu.com\/luckra\/wp-content\/uploads\/2026\/01\/mapa.png\" class=\"attachment-large size-large wp-image-49\" alt=\"\" srcset=\"https:\/\/musicmakerperu.com\/luckra\/wp-content\/uploads\/2026\/01\/mapa.png 775w, https:\/\/musicmakerperu.com\/luckra\/wp-content\/uploads\/2026\/01\/mapa-300x197.png 300w, https:\/\/musicmakerperu.com\/luckra\/wp-content\/uploads\/2026\/01\/mapa-768x503.png 768w\" sizes=\"(max-width: 775px) 100vw, 775px\" \/>\t\t\t\t\t\t\t\t\t\t\t\t\t\t\t<\/div>\n\t\t\t\t\t<\/div>\n\t\t\t\t<\/div>\n\t\t<div class=\"elementor-element elementor-element-8de44b6 e-flex e-con-boxed e-con e-parent\" data-id=\"8de44b6\" data-element_type=\"container\" id=\"precios\" data-settings=\"{&quot;background_background&quot;:&quot;classic&quot;}\">\n\t\t\t\t\t<div class=\"e-con-inner\">\n\t\t\t\t<div class=\"elementor-element elementor-element-6fcfac0 elementor-widget elementor-widget-heading\" data-id=\"6fcfac0\" data-element_type=\"widget\" data-widget_type=\"heading.default\">\n\t\t\t\t\t<h2 class=\"elementor-heading-title elementor-size-default\">PRECIOS<\/h2>\t\t\t\t<\/div>\n\t\t\t\t<div class=\"elementor-element elementor-element-dd45883 elementor-widget elementor-widget-html\" data-id=\"dd45883\" data-element_type=\"widget\" data-widget_type=\"html.default\">\n\t\t\t\t\t<div class=\"tabla-precios-container\">\r\n\r\n    <table class=\"tabla-precios\">\r\n        <thead>\r\n            <tr>\r\n                <th>SECTOR<\/th>\r\n                <th>PROMO SAN VALENT\u00cdN<span class=\"logo\">BBVA<\/span><span>(V\u00e1lido del 20\/01\/26\r\nhasta el 15\/02\/26\r\ny\/o agotar stock)<\/span><\/th>\r\n                <th>REGULAR <span>TODOS LOS MEDIOS DE PAGO\r\nV\u00e1lido del 13\/12\/25\r\nhasta el 22\/05\/26\r\ny\/o agotar stock<\/span><\/th>\r\n                <th>CONADIS<span>TODOS LOS MEDIOS DE PAGO\r\nV\u00e1lido del 10\/12\/25\r\nhasta el 22\/05\/26\r\ny\/o agotar stock<\/span><\/th>\r\n            <\/tr>\r\n        <\/thead>\r\n        <tbody>\r\n            <tr>\r\n                <td class=\"col-sector\">Zona Luck Ra<\/td>\r\n                <td>S\/ 225.00<\/td>\r\n                <td>S\/ 299.00<\/td>\r\n                <td>S\/ 239.20<\/td>\r\n            <\/tr>\r\n            <tr>\r\n                <td class=\"col-sector\">Zona Hola Perdida<\/td>\r\n                <td>S\/ 145.00<\/td>\r\n                <td>S\/ 193.00<\/td>\r\n                <td>\u2014<\/td>\r\n            <\/tr>\r\n            <tr>\r\n                <td class=\"col-sector\">Zona La Morocha<\/td>\r\n                <td>S\/ 112.00<\/td>\r\n                <td>S\/ 150.00<\/td>\r\n                <td>\u2014<\/td>\r\n            <\/tr>\r\n        <\/tbody>\r\n    <\/table>\r\n\r\n<\/div>\t\t\t\t<\/div>\n\t\t\t\t<div class=\"elementor-element elementor-element-022dc13 elementor-align-center elementor-widget elementor-widget-button\" data-id=\"022dc13\" data-element_type=\"widget\" data-widget_type=\"button.default\">\n\t\t\t\t\t\t\t\t\t\t<a class=\"elementor-button elementor-button-link elementor-size-sm\" href=\"#formulario\">\n\t\t\t\t\t\t<span class=\"elementor-button-content-wrapper\">\n\t\t\t\t\t\t<span class=\"elementor-button-icon\">\n\t\t\t\t<svg aria-hidden=\"true\" class=\"e-font-icon-svg e-fas-ticket-alt\" viewBox=\"0 0 576 512\" xmlns=\"http:\/\/www.w3.org\/2000\/svg\"><path d=\"M128 160h320v192H128V160zm400 96c0 26.51 21.49 48 48 48v96c0 26.51-21.49 48-48 48H48c-26.51 0-48-21.49-48-48v-96c26.51 0 48-21.49 48-48s-21.49-48-48-48v-96c0-26.51 21.49-48 48-48h480c26.51 0 48 21.49 48 48v96c-26.51 0-48 21.49-48 48zm-48-104c0-13.255-10.745-24-24-24H120c-13.255 0-24 10.745-24 24v208c0 13.255 10.745 24 24 24h336c13.255 0 24-10.745 24-24V152z\"><\/path><\/svg>\t\t\t<\/span>\n\t\t\t\t\t\t\t\t\t<span class=\"elementor-button-text\">M\u00c1S INFORMACI\u00d3N<\/span>\n\t\t\t\t\t<\/span>\n\t\t\t\t\t<\/a>\n\t\t\t\t\t\t\t\t<\/div>\n\t\t\t\t\t<\/div>\n\t\t\t\t<\/div>\n\t\t<div class=\"elementor-element elementor-element-c900547 e-flex e-con-boxed e-con e-parent\" data-id=\"c900547\" data-element_type=\"container\" id=\"formulario\" data-settings=\"{&quot;background_background&quot;:&quot;classic&quot;}\">\n\t\t\t\t\t<div class=\"e-con-inner\">\n\t\t\t\t<div class=\"elementor-element elementor-element-746f235 elementor-widget elementor-widget-heading\" data-id=\"746f235\" data-element_type=\"widget\" data-widget_type=\"heading.default\">\n\t\t\t\t\t<h2 class=\"elementor-heading-title elementor-size-default\">D\u00c9JANOS TUS DATOS Y TE ENV\u00cdAMOS M\u00c1S INFORMACI\u00d3N DEL EVENTO<\/h2>\t\t\t\t<\/div>\n\t\t\t\t<div class=\"elementor-element elementor-element-fcd4516 elementor-widget elementor-widget-text-editor\" data-id=\"fcd4516\" data-element_type=\"widget\" data-widget_type=\"text-editor.default\">\n\t\t\t\t\t\t\t\t\t<p>Ingresa tus datos para enviarte todos los puntos especiales del concierto, centros de venta, m\u00e9todos de pago y m\u00e1s. Tambi\u00e9n te mantendremos informado de las pr\u00f3ximas notas de prensa, videos o cambios en el evento.<\/p>\t\t\t\t\t\t\t\t<\/div>\n\t\t\t\t<div class=\"elementor-element elementor-element-73fd537 elementor-button-align-center elementor-widget__width-initial elementor-widget elementor-widget-form\" data-id=\"73fd537\" data-element_type=\"widget\" data-settings=\"{&quot;step_next_label&quot;:&quot;Next&quot;,&quot;step_previous_label&quot;:&quot;Previous&quot;,&quot;button_width&quot;:&quot;100&quot;,&quot;step_type&quot;:&quot;number_text&quot;,&quot;step_icon_shape&quot;:&quot;circle&quot;}\" data-widget_type=\"form.default\">\n\t\t\t\t\t\t\t<form class=\"elementor-form\" method=\"post\" name=\"formulario\" aria-label=\"formulario\">\n\t\t\t<input type=\"hidden\" name=\"post_id\" value=\"15\"\/>\n\t\t\t<input type=\"hidden\" name=\"form_id\" value=\"73fd537\"\/>\n\t\t\t<input type=\"hidden\" name=\"referer_title\" value=\"\" \/>\n\n\t\t\t\n\t\t\t<div class=\"elementor-form-fields-wrapper elementor-labels-above\">\n\t\t\t\t\t\t\t\t<div class=\"elementor-field-type-text elementor-field-group elementor-column elementor-field-group-name elementor-col-50\">\n\t\t\t\t\t\t\t\t\t\t\t\t<label for=\"form-field-name\" class=\"elementor-field-label\">\n\t\t\t\t\t\t\t\tNombre*\t\t\t\t\t\t\t<\/label>\n\t\t\t\t\t\t\t\t\t\t\t\t\t\t<input size=\"1\" type=\"text\" name=\"form_fields[name]\" id=\"form-field-name\" class=\"elementor-field elementor-size-sm  elementor-field-textual\">\n\t\t\t\t\t\t\t\t\t\t\t<\/div>\n\t\t\t\t\t\t\t\t<div class=\"elementor-field-type-email elementor-field-group elementor-column elementor-field-group-correo elementor-col-50 elementor-field-required\">\n\t\t\t\t\t\t\t\t\t\t\t\t<label for=\"form-field-correo\" class=\"elementor-field-label\">\n\t\t\t\t\t\t\t\tEmail*\t\t\t\t\t\t\t<\/label>\n\t\t\t\t\t\t\t\t\t\t\t\t\t\t<input size=\"1\" type=\"email\" name=\"form_fields[correo]\" id=\"form-field-correo\" class=\"elementor-field elementor-size-sm  elementor-field-textual\" required=\"required\">\n\t\t\t\t\t\t\t\t\t\t\t<\/div>\n\t\t\t\t\t\t\t\t<div class=\"elementor-field-type-text elementor-field-group elementor-column elementor-field-group-field_11c73e8 elementor-col-50 elementor-field-required\">\n\t\t\t\t\t\t\t\t\t\t\t\t<label for=\"form-field-field_11c73e8\" class=\"elementor-field-label\">\n\t\t\t\t\t\t\t\tCelular\t\t\t\t\t\t\t<\/label>\n\t\t\t\t\t\t\t\t\t\t\t\t\t\t<input size=\"1\" type=\"text\" name=\"form_fields[field_11c73e8]\" id=\"form-field-field_11c73e8\" class=\"elementor-field elementor-size-sm  elementor-field-textual\" required=\"required\">\n\t\t\t\t\t\t\t\t\t\t\t<\/div>\n\t\t\t\t\t\t\t\t<div class=\"elementor-field-type-text elementor-field-group elementor-column elementor-field-group-field_47282cc elementor-col-50 elementor-field-required\">\n\t\t\t\t\t\t\t\t\t\t\t\t<label for=\"form-field-field_47282cc\" class=\"elementor-field-label\">\n\t\t\t\t\t\t\t\tEdad\t\t\t\t\t\t\t<\/label>\n\t\t\t\t\t\t\t\t\t\t\t\t\t\t<input size=\"1\" type=\"text\" name=\"form_fields[field_47282cc]\" id=\"form-field-field_47282cc\" class=\"elementor-field elementor-size-sm  elementor-field-textual\" placeholder=\"Opcional\" required=\"required\">\n\t\t\t\t\t\t\t\t\t\t\t<\/div>\n\t\t\t\t\t\t\t\t<div class=\"elementor-field-type-text elementor-field-group elementor-column elementor-field-group-field_dd65cf1 elementor-col-100 elementor-field-required\">\n\t\t\t\t\t\t\t\t\t\t\t\t<label for=\"form-field-field_dd65cf1\" class=\"elementor-field-label\">\n\t\t\t\t\t\t\t\tDistrito\t\t\t\t\t\t\t<\/label>\n\t\t\t\t\t\t\t\t\t\t\t\t\t\t<input size=\"1\" type=\"text\" name=\"form_fields[field_dd65cf1]\" id=\"form-field-field_dd65cf1\" class=\"elementor-field elementor-size-sm  elementor-field-textual\" placeholder=\"Opcional\" required=\"required\">\n\t\t\t\t\t\t\t\t\t\t\t<\/div>\n\t\t\t\t\t\t\t\t<div class=\"elementor-field-group elementor-column elementor-field-type-submit elementor-col-100 e-form__buttons\">\n\t\t\t\t\t<button class=\"elementor-button elementor-size-sm\" type=\"submit\">\n\t\t\t\t\t\t<span class=\"elementor-button-content-wrapper\">\n\t\t\t\t\t\t\t\t\t\t\t\t\t\t\t\t\t\t\t\t\t\t<span class=\"elementor-button-text\">Enviar<\/span>\n\t\t\t\t\t\t\t\t\t\t\t\t\t<\/span>\n\t\t\t\t\t<\/button>\n\t\t\t\t<\/div>\n\t\t\t<\/div>\n\t\t<\/form>\n\t\t\t\t\t\t<\/div>\n\t\t\t\t\t<\/div>\n\t\t\t\t<\/div>\n\t\t\t\t<\/div>\n\t\t","protected":false},"excerpt":{"rendered":"<p>M\u00c1S INFORMACI\u00d3N Luck RA 2026 Llega a Lima por primera vez el fen\u00f3meno y revelaci\u00f3n del pop urbano y cuarteto argentino, LUCK RA quien se presentar\u00e1 el pr\u00f3ximo 22 de Mayo en Multiespacio Costa 21. El juvenil cantautor y streamer oriundo de C\u00f3rdoba, aterrizar\u00e1 en nuestra capital con una puesta en escena de gran formato, [&hellip;]<\/p>\n","protected":false},"author":1,"featured_media":0,"parent":0,"menu_order":0,"comment_status":"closed","ping_status":"closed","template":"","meta":{"footnotes":""},"class_list":["post-15","page","type-page","status-publish","hentry"],"_links":{"self":[{"href":"https:\/\/musicmakerperu.com\/luckra\/wp-json\/wp\/v2\/pages\/15","targetHints":{"allow":["GET"]}}],"collection":[{"href":"https:\/\/musicmakerperu.com\/luckra\/wp-json\/wp\/v2\/pages"}],"about":[{"href":"https:\/\/musicmakerperu.com\/luckra\/wp-json\/wp\/v2\/types\/page"}],"author":[{"embeddable":true,"href":"https:\/\/musicmakerperu.com\/luckra\/wp-json\/wp\/v2\/users\/1"}],"replies":[{"embeddable":true,"href":"https:\/\/musicmakerperu.com\/luckra\/wp-json\/wp\/v2\/comments?post=15"}],"version-history":[{"count":70,"href":"https:\/\/musicmakerperu.com\/luckra\/wp-json\/wp\/v2\/pages\/15\/revisions"}],"predecessor-version":[{"id":111,"href":"https:\/\/musicmakerperu.com\/luckra\/wp-json\/wp\/v2\/pages\/15\/revisions\/111"}],"wp:attachment":[{"href":"https:\/\/musicmakerperu.com\/luckra\/wp-json\/wp\/v2\/media?parent=15"}],"curies":[{"name":"wp","href":"https:\/\/api.w.org\/{rel}","templated":true}]}}