{"id":15,"date":"2026-01-19T01:44:22","date_gmt":"2026-01-19T01:44:22","guid":{"rendered":"https:\/\/musicmakerperu.com\/beret2026\/?page_id=15"},"modified":"2026-01-28T02:13:13","modified_gmt":"2026-01-28T02:13:13","slug":"inicio","status":"publish","type":"page","link":"https:\/\/musicmakerperu.com\/beret2026\/","title":{"rendered":"Inicio"},"content":{"rendered":"\t\t<div data-elementor-type=\"wp-page\" data-elementor-id=\"15\" class=\"elementor elementor-15\" data-elementor-post-type=\"page\">\n\t\t\t\t<div class=\"elementor-element elementor-element-3323a8e e-con-full e-flex e-con e-parent\" data-id=\"3323a8e\" data-element_type=\"container\" data-settings=\"{&quot;background_background&quot;:&quot;classic&quot;}\">\n\t\t\t\t<div class=\"elementor-element elementor-element-728f5a5 elementor-widget elementor-widget-image\" data-id=\"728f5a5\" data-element_type=\"widget\" data-widget_type=\"image.default\">\n\t\t\t\t\t\t\t\t\t\t\t\t\t\t\t<img fetchpriority=\"high\" decoding=\"async\" width=\"1500\" height=\"1710\" src=\"https:\/\/musicmakerperu.com\/beret2026\/wp-content\/uploads\/2026\/01\/banner-evento.jpg\" class=\"attachment-full size-full wp-image-114\" alt=\"\" srcset=\"https:\/\/musicmakerperu.com\/beret2026\/wp-content\/uploads\/2026\/01\/banner-evento.jpg 1500w, https:\/\/musicmakerperu.com\/beret2026\/wp-content\/uploads\/2026\/01\/banner-evento-263x300.jpg 263w, https:\/\/musicmakerperu.com\/beret2026\/wp-content\/uploads\/2026\/01\/banner-evento-898x1024.jpg 898w, https:\/\/musicmakerperu.com\/beret2026\/wp-content\/uploads\/2026\/01\/banner-evento-768x876.jpg 768w, https:\/\/musicmakerperu.com\/beret2026\/wp-content\/uploads\/2026\/01\/banner-evento-1347x1536.jpg 1347w\" sizes=\"(max-width: 1500px) 100vw, 1500px\" \/>\t\t\t\t\t\t\t\t\t\t\t\t\t\t\t<\/div>\n\t\t\t\t<\/div>\n\t\t<a class=\"elementor-element elementor-element-7a9b3bb e-con-full e-flex e-con e-parent\" data-id=\"7a9b3bb\" data-element_type=\"container\" data-settings=\"{&quot;background_background&quot;:&quot;classic&quot;}\" href=\"#\">\n\t\t<a class=\"elementor-element elementor-element-8d67aa5 e-con-full e-flex e-con e-child\" data-id=\"8d67aa5\" data-element_type=\"container\" data-settings=\"{&quot;background_background&quot;:&quot;classic&quot;}\" href=\"#formulario\">\n\t\t\t\t<div class=\"elementor-element elementor-element-55271f7 elementor-align-center elementor-icon-list--layout-traditional elementor-list-item-link-full_width elementor-widget elementor-widget-icon-list\" data-id=\"55271f7\" data-element_type=\"widget\" data-widget_type=\"icon-list.default\">\n\t\t\t\t\t\t\t<ul class=\"elementor-icon-list-items\">\n\t\t\t\t\t\t\t<li class=\"elementor-icon-list-item\">\n\t\t\t\t\t\t\t\t\t\t\t<span class=\"elementor-icon-list-icon\">\n\t\t\t\t\t\t\t<svg aria-hidden=\"true\" class=\"e-font-icon-svg e-fas-ticket-alt\" viewBox=\"0 0 576 512\" xmlns=\"http:\/\/www.w3.org\/2000\/svg\"><path d=\"M128 160h320v192H128V160zm400 96c0 26.51 21.49 48 48 48v96c0 26.51-21.49 48-48 48H48c-26.51 0-48-21.49-48-48v-96c26.51 0 48-21.49 48-48s-21.49-48-48-48v-96c0-26.51 21.49-48 48-48h480c26.51 0 48 21.49 48 48v96c-26.51 0-48 21.49-48 48zm-48-104c0-13.255-10.745-24-24-24H120c-13.255 0-24 10.745-24 24v208c0 13.255 10.745 24 24 24h336c13.255 0 24-10.745 24-24V152z\"><\/path><\/svg>\t\t\t\t\t\t<\/span>\n\t\t\t\t\t\t\t\t\t\t<span class=\"elementor-icon-list-text\">M\u00c1S INFORMACI\u00d3N<\/span>\n\t\t\t\t\t\t\t\t\t<\/li>\n\t\t\t\t\t\t<\/ul>\n\t\t\t\t\t\t<\/div>\n\t\t\t\t<\/a>\n\t\t\t\t<\/a>\n\t\t<div class=\"elementor-element elementor-element-fc23824 e-flex e-con-boxed e-con e-parent\" data-id=\"fc23824\" data-element_type=\"container\" data-settings=\"{&quot;background_background&quot;:&quot;classic&quot;}\">\n\t\t\t\t\t<div class=\"e-con-inner\">\n\t\t<div class=\"elementor-element elementor-element-6e65a88 e-con-full e-flex e-con e-child\" data-id=\"6e65a88\" data-element_type=\"container\">\n\t\t<div class=\"elementor-element elementor-element-df808c1 e-con-full e-flex e-con e-child\" data-id=\"df808c1\" data-element_type=\"container\">\n\t\t\t\t<div class=\"elementor-element elementor-element-56b71c2 elementor-widget elementor-widget-image\" data-id=\"56b71c2\" data-element_type=\"widget\" data-widget_type=\"image.default\">\n\t\t\t\t\t\t\t\t\t\t\t\t\t\t\t<img decoding=\"async\" width=\"724\" height=\"979\" src=\"https:\/\/musicmakerperu.com\/beret2026\/wp-content\/uploads\/2026\/01\/b80619e83c4486b87e592b6734a8eab2a4b53879.webp\" class=\"attachment-full size-full wp-image-121\" alt=\"\" srcset=\"https:\/\/musicmakerperu.com\/beret2026\/wp-content\/uploads\/2026\/01\/b80619e83c4486b87e592b6734a8eab2a4b53879.webp 724w, https:\/\/musicmakerperu.com\/beret2026\/wp-content\/uploads\/2026\/01\/b80619e83c4486b87e592b6734a8eab2a4b53879-222x300.webp 222w\" sizes=\"(max-width: 724px) 100vw, 724px\" \/>\t\t\t\t\t\t\t\t\t\t\t\t\t\t\t<\/div>\n\t\t\t\t<div class=\"elementor-element elementor-element-175e1ec elementor-widget elementor-widget-image\" data-id=\"175e1ec\" data-element_type=\"widget\" data-widget_type=\"image.default\">\n\t\t\t\t\t\t\t\t\t\t\t\t\t\t\t<img decoding=\"async\" width=\"773\" height=\"871\" src=\"https:\/\/musicmakerperu.com\/beret2026\/wp-content\/uploads\/2026\/01\/mapa-1.png\" class=\"attachment-large size-large wp-image-130\" alt=\"\" srcset=\"https:\/\/musicmakerperu.com\/beret2026\/wp-content\/uploads\/2026\/01\/mapa-1.png 773w, https:\/\/musicmakerperu.com\/beret2026\/wp-content\/uploads\/2026\/01\/mapa-1-266x300.png 266w, https:\/\/musicmakerperu.com\/beret2026\/wp-content\/uploads\/2026\/01\/mapa-1-768x865.png 768w\" sizes=\"(max-width: 773px) 100vw, 773px\" \/>\t\t\t\t\t\t\t\t\t\t\t\t\t\t\t<\/div>\n\t\t\t\t<\/div>\n\t\t<div class=\"elementor-element elementor-element-ee6b46b e-con-full e-flex e-con e-child\" data-id=\"ee6b46b\" data-element_type=\"container\">\n\t\t\t\t<div class=\"elementor-element elementor-element-e3e8e28 elementor-widget elementor-widget-image\" data-id=\"e3e8e28\" data-element_type=\"widget\" data-widget_type=\"image.default\">\n\t\t\t\t\t\t\t\t\t\t\t\t\t\t\t<img loading=\"lazy\" decoding=\"async\" width=\"450\" height=\"158\" src=\"https:\/\/musicmakerperu.com\/beret2026\/wp-content\/uploads\/2026\/01\/homenaje.png\" class=\"attachment-full size-full wp-image-122\" alt=\"\" srcset=\"https:\/\/musicmakerperu.com\/beret2026\/wp-content\/uploads\/2026\/01\/homenaje.png 450w, https:\/\/musicmakerperu.com\/beret2026\/wp-content\/uploads\/2026\/01\/homenaje-300x105.png 300w\" sizes=\"(max-width: 450px) 100vw, 450px\" \/>\t\t\t\t\t\t\t\t\t\t\t\t\t\t\t<\/div>\n\t\t\t\t<div class=\"elementor-element elementor-element-154d869 elementor-widget elementor-widget-text-editor\" data-id=\"154d869\" data-element_type=\"widget\" data-widget_type=\"text-editor.default\">\n\t\t\t\t\t\t\t\t\t<p><b class=\"cl_rojo\">Francisco Javier \u00c1lvarez Beret<\/b>, mejor conocido como\u00a0<b class=\"cl_rojo\">Beret<\/b>, es un cantante y compositor sevillano que se ha consolidado como una de las voces m\u00e1s sensibles, aut\u00e9nticas y representativas de la m\u00fasica en espa\u00f1ol. Con letras cargadas de emoci\u00f3n, honestidad y cercan\u00eda,\u00a0<b class=\"cl_rojo\">Beret<\/b>\u00a0conecta de manera \u00fanica con el p\u00fablico, especialmente con las nuevas generaciones, que se identifican profundamente con sus canciones.<\/p><p>Su irrupci\u00f3n en la escena musical lleg\u00f3 de la mano de \u201cLo siento\u201d, tema que se convirti\u00f3 en un fen\u00f3meno internacional con siete certificaciones de Platino en Espa\u00f1a y m\u00faltiples reconocimientos, entre ellos Mejor Canci\u00f3n del A\u00f1o en Los 40 Music Awards 2019. Tras este \u00e9xito,\u00a0<b class=\"cl_rojo\">Beret<\/b>\u00a0continu\u00f3 conquistando al p\u00fablico con sencillos como \u201cMe llama\u201d, \u201cTe echo de menos\u201d, \u201cSue\u00f1o\u201d junto a Pablo Albor\u00e1n y \u201cDesde Cero\u201d con Melendi. En 2019 lanz\u00f3 su primer \u00e1lbum de estudio, Prisma, con colaboraciones de grandes nombres como Pablo Albor\u00e1n, Melendi, Vanesa Mart\u00edn, Sof\u00eda Reyes y Sebasti\u00e1n Yatra. Prisma fue certificado Platino y se convirti\u00f3 en un referente de la m\u00fasica pop en espa\u00f1ol.<\/p><p>En 2022 present\u00f3 su segundo disco, Resiliencia, donde colabor\u00f3 con artistas como Estopa, Reik, Morat, Mal\u00fa, L\u00e9rica y Omar Montes. El \u00e1lbum fue un \u00e9xito rotundo desde su lanzamiento, acumulando millones de reproducciones y varias certificaciones de Oro y Platino, consolidando a\u00fan m\u00e1s su lugar como uno de los artistas m\u00e1s influyentes de su generaci\u00f3n.<\/p><p>En 2025,\u00a0<b class=\"cl_rojo\">Beret<\/b>\u00a0se prepara para lanzar su esperado tercer \u00e1lbum de estudio, Lo Bello y lo Roto, previsto para el 21 de noviembre. Concebido entre Espa\u00f1a y Argentina, este trabajo explora la fuerza que nace de la vulnerabilidad y la belleza que se esconde en la imperfecci\u00f3n. Consta de 13 canciones y cuenta con colaboraciones de gran nivel como Diegote, Mr. Rain, SFDK, Morodo y Domelipa, destacando \u201cSuperh\u00e9roes\u201d junto a Mr. Rain. Hasta el momento, el \u00e1lbum ya ha sido anticipado con siete adelantos, incluido \u201c\u00bfC\u00f3mo va a saber de amor?\u201d, que ha tenido una gran acogida.<\/p><p>Con m\u00e1s de 6 millones de oyentes mensuales en Spotify y un cat\u00e1logo que supera los 3.000 millones de reproducciones,\u00a0<b class=\"cl_rojo\">Beret<\/b>\u00a0ha conseguido un lugar privilegiado en la industria musical, cosechando decenas de discos de Oro y Platino. Su m\u00fasica no solo ha marcado tendencia, sino que tambi\u00e9n se ha convertido en banda sonora de toda una generaci\u00f3n en Espa\u00f1a y Latinoam\u00e9rica.<\/p><p>Cercano, humilde y siempre atento a sus seguidores,\u00a0<b class=\"cl_rojo\">Beret<\/b>\u00a0se ha ganado el respeto y el cari\u00f1o del p\u00fablico. Su capacidad para transformar experiencias personales en canciones universales lo ha convertido en un referente indiscutible de la m\u00fasica en espa\u00f1ol. Y lo que es m\u00e1s importante: su historia a\u00fan se sigue escribiendo.<\/p>\t\t\t\t\t\t\t\t<\/div>\n\t\t\t\t<\/div>\n\t\t\t\t<\/div>\n\t\t\t\t\t<\/div>\n\t\t\t\t<\/div>\n\t\t<div class=\"elementor-element elementor-element-8de44b6 e-flex e-con-boxed e-con e-parent\" data-id=\"8de44b6\" data-element_type=\"container\" id=\"precios\" data-settings=\"{&quot;background_background&quot;:&quot;classic&quot;}\">\n\t\t\t\t\t<div class=\"e-con-inner\">\n\t\t\t\t<div class=\"elementor-element elementor-element-6fcfac0 elementor-widget elementor-widget-heading\" data-id=\"6fcfac0\" data-element_type=\"widget\" data-widget_type=\"heading.default\">\n\t\t\t\t\t<h2 class=\"elementor-heading-title elementor-size-default\">PRECIOS<\/h2>\t\t\t\t<\/div>\n\t\t\t\t<div class=\"elementor-element elementor-element-dd45883 elementor-widget elementor-widget-html\" data-id=\"dd45883\" data-element_type=\"widget\" data-widget_type=\"html.default\">\n\t\t\t\t\t<style>\r\n\r\n\/* CONTENEDOR *\/\r\n.price-table-wrap {\r\n  width: 100%;\r\n  overflow-x: auto;\r\n}\r\n\r\n\/* TABLA BASE *\/\r\n.price-table {\r\n  width: 100%;\r\n  border-collapse: separate;\r\n  border-spacing: 0 12px;\r\n  font-family: Arial, sans-serif;\r\n  color: #fff;\r\n  border-radius: 16px;\r\n  padding: 0px;\r\n  box-sizing: border-box;\r\n}\r\n\r\n\/* ENCABEZADOS *\/\r\n.price-table thead th {\r\n  text-align: center;\r\n  font-size: 14px;\r\n  font-weight: 700;\r\n  padding-bottom: 18px;\r\n  vertical-align: top;\r\n}\r\n\r\n.price-table thead th:first-child {\r\n  text-align: left;\r\n}\r\n\r\n\/* TITULOS *\/\r\n.t_sup {\r\n  color: #f4c542;\r\n  font-weight: 700;\r\n}\r\n\r\n.minifechas {\r\n  font-size: 12px;\r\n  color: #ccc;\r\n  margin-top: 6px;\r\n}\r\n\r\n\/* FILAS *\/\r\n.price-table tbody tr td {\r\n  padding: 10px;\r\n  vertical-align: middle;\r\n}\r\n\r\n\/* SECTOR *\/\r\n.sector-box {\r\n  display: flex;\r\n  flex-direction: column;\r\n  font-weight: 700;\r\n}\r\n\r\n.sector-box span {\r\n  font-size: 12px;\r\n  font-weight: 400;\r\n  color: #ccc;\r\n}\r\n\r\n\/* BLOQUES PRECIO *\/\r\n.price-box {\r\n  border-radius: 12px;\r\n  padding: 14px 10px;\r\n  font-size: 22px;\r\n  font-weight: 700;\r\n  text-align: center;\r\n  border: 1.5px solid #2b2b2b;\r\n  background: transparent;\r\n}\r\n\r\n\/* PREVENTA *\/\r\n.price-highlight {\r\n  background: #f4c542;\r\n  color: #000;\r\n  border: none;\r\n}\r\n\r\n\/* CENTRADO *\/\r\n.text-center {\r\n  text-align: center;\r\n}\r\n\r\n\/* RESPONSIVE *\/\r\n@media (max-width: 768px) {\r\n\r\n  .price-table {\r\n    font-size: 13px;\r\n  }\r\n\r\n  .price-box {\r\n    font-size: 18px;\r\n  }\r\n\r\n}\r\n\r\n<\/style>\r\n\r\n<div class=\"price-table-wrap\">\r\n\r\n<table class=\"price-table\">\r\n\r\n  <thead>\r\n    <tr>\r\n      <th>SECTORES<\/th>\r\n\r\n      <th class=\"text-center\">\r\n        <div class=\"t_sup\">HASTA EL<br>25% DSCTO.<\/div>\r\n        <div class=\"minifechas\">\r\n          <img decoding=\"async\" src=\"https:\/\/musicmakerperu.com\/beret2026\/wp-content\/uploads\/2026\/01\/interbank.png\" class=\"\"><br>\r\n          V\u00e1lido del 28\/01\/26<br>\r\n          al 29\/01\/26<br>\r\n          y\/o agotar stock\r\n        <\/div>\r\n      <\/th>\r\n\r\n      <th class=\"text-center\">\r\n        <div class=\"t_sup\">PRECIO FULL<\/div>\r\n        <div class=\"minifechas\">\r\n          <b>TODOS LOS MEDIOS DE PAGO<\/b><br>\r\n          Preventa o del 30\/01\/26<br>\r\n          al 21\/05\/26<br>\r\n          y\/o agotar stock\r\n        <\/div>\r\n      <\/th>\r\n\r\n      <th class=\"text-center\">\r\n        <div class=\"t_sup\">CONADIS<\/div>\r\n        <div class=\"minifechas\">\r\n          <b>TODOS LOS MEDIOS DE PAGO<\/b><br>\r\n          V\u00e1lido del 28\/01\/26<br>\r\n          al 21\/05\/26<br>\r\n          y\/o agotar stock\r\n        <\/div>\r\n      <\/th>\r\n\r\n    <\/tr>\r\n  <\/thead>\r\n\r\n  <tbody>\r\n\r\n    <!-- FILA CAMPO A -->\r\n    <tr>\r\n\r\n      <td>\r\n        <div class=\"sector-box\">\r\n          CAMPO A\r\n          <span>STAND UP<\/span>\r\n        <\/div>\r\n      <\/td>\r\n\r\n      <td class=\"text-center\">\r\n        <div class=\"price-box price-highlight\">\r\n          S\/ 194.00\r\n        <\/div>\r\n      <\/td>\r\n\r\n      <td class=\"text-center\">\r\n        <div class=\"price-box\">\r\n          S\/ 250.00\r\n        <\/div>\r\n      <\/td>\r\n\r\n      <td class=\"text-center\">\r\n        <div class=\"price-box\">\r\n          S\/ 205.00\r\n        <\/div>\r\n      <\/td>\r\n\r\n    <\/tr>\r\n\r\n    <!-- FILA CAMPO B -->\r\n    <tr>\r\n\r\n      <td>\r\n        <div class=\"sector-box\">\r\n          CAMPO B\r\n          <span>STAND UP<\/span>\r\n        <\/div>\r\n      <\/td>\r\n\r\n      <td class=\"text-center\">\r\n        <div class=\"price-box price-highlight\">\r\n          S\/ 115.00\r\n        <\/div>\r\n      <\/td>\r\n\r\n      <td class=\"text-center\">\r\n        <div class=\"price-box\">\r\n          S\/ 150.00\r\n        <\/div>\r\n      <\/td>\r\n\r\n      <td class=\"text-center\">\r\n        <div class=\"price-box\">\r\n          ----\r\n        <\/div>\r\n      <\/td>\r\n\r\n    <\/tr>\r\n\r\n  <\/tbody>\r\n\r\n<\/table>\r\n\r\n<\/div>\t\t\t\t<\/div>\n\t\t\t\t<div class=\"elementor-element elementor-element-022dc13 elementor-align-center elementor-widget elementor-widget-button\" data-id=\"022dc13\" data-element_type=\"widget\" data-widget_type=\"button.default\">\n\t\t\t\t\t\t\t\t\t\t<a class=\"elementor-button elementor-button-link elementor-size-sm\" href=\"#formulario\">\n\t\t\t\t\t\t<span class=\"elementor-button-content-wrapper\">\n\t\t\t\t\t\t<span class=\"elementor-button-icon\">\n\t\t\t\t<svg aria-hidden=\"true\" class=\"e-font-icon-svg e-fas-ticket-alt\" viewBox=\"0 0 576 512\" xmlns=\"http:\/\/www.w3.org\/2000\/svg\"><path d=\"M128 160h320v192H128V160zm400 96c0 26.51 21.49 48 48 48v96c0 26.51-21.49 48-48 48H48c-26.51 0-48-21.49-48-48v-96c26.51 0 48-21.49 48-48s-21.49-48-48-48v-96c0-26.51 21.49-48 48-48h480c26.51 0 48 21.49 48 48v96c-26.51 0-48 21.49-48 48zm-48-104c0-13.255-10.745-24-24-24H120c-13.255 0-24 10.745-24 24v208c0 13.255 10.745 24 24 24h336c13.255 0 24-10.745 24-24V152z\"><\/path><\/svg>\t\t\t<\/span>\n\t\t\t\t\t\t\t\t\t<span class=\"elementor-button-text\">M\u00c1S INFORMACI\u00d3N<\/span>\n\t\t\t\t\t<\/span>\n\t\t\t\t\t<\/a>\n\t\t\t\t\t\t\t\t<\/div>\n\t\t\t\t\t<\/div>\n\t\t\t\t<\/div>\n\t\t<div class=\"elementor-element elementor-element-c900547 e-flex e-con-boxed e-con e-parent\" data-id=\"c900547\" data-element_type=\"container\" id=\"formulario\" data-settings=\"{&quot;background_background&quot;:&quot;classic&quot;}\">\n\t\t\t\t\t<div class=\"e-con-inner\">\n\t\t\t\t<div class=\"elementor-element elementor-element-746f235 elementor-widget elementor-widget-heading\" data-id=\"746f235\" data-element_type=\"widget\" data-widget_type=\"heading.default\">\n\t\t\t\t\t<h2 class=\"elementor-heading-title elementor-size-default\">D\u00c9JANOS TUS DATOS Y TE ENV\u00cdAMOS M\u00c1S INFORMACI\u00d3N DEL EVENTO<\/h2>\t\t\t\t<\/div>\n\t\t\t\t<div class=\"elementor-element elementor-element-fcd4516 elementor-widget elementor-widget-text-editor\" data-id=\"fcd4516\" data-element_type=\"widget\" data-widget_type=\"text-editor.default\">\n\t\t\t\t\t\t\t\t\t<p>Ingresa tus datos para enviarte todos los puntos especiales del concierto, centros de venta, m\u00e9todos de pago y m\u00e1s. Tambi\u00e9n te mantendremos informado de las pr\u00f3ximas notas de prensa, videos o cambios en el evento.<\/p>\t\t\t\t\t\t\t\t<\/div>\n\t\t\t\t<div class=\"elementor-element elementor-element-73fd537 elementor-button-align-center elementor-widget__width-initial elementor-widget elementor-widget-form\" data-id=\"73fd537\" data-element_type=\"widget\" data-settings=\"{&quot;step_next_label&quot;:&quot;Next&quot;,&quot;step_previous_label&quot;:&quot;Previous&quot;,&quot;button_width&quot;:&quot;100&quot;,&quot;step_type&quot;:&quot;number_text&quot;,&quot;step_icon_shape&quot;:&quot;circle&quot;}\" data-widget_type=\"form.default\">\n\t\t\t\t\t\t\t<form class=\"elementor-form\" method=\"post\" name=\"formulario\" aria-label=\"formulario\">\n\t\t\t<input type=\"hidden\" name=\"post_id\" value=\"15\"\/>\n\t\t\t<input type=\"hidden\" name=\"form_id\" value=\"73fd537\"\/>\n\t\t\t<input type=\"hidden\" name=\"referer_title\" value=\"\" \/>\n\n\t\t\t\t\t\t\t<input type=\"hidden\" name=\"queried_id\" value=\"15\"\/>\n\t\t\t\n\t\t\t<div class=\"elementor-form-fields-wrapper elementor-labels-above\">\n\t\t\t\t\t\t\t\t<div class=\"elementor-field-type-text elementor-field-group elementor-column elementor-field-group-name elementor-col-50\">\n\t\t\t\t\t\t\t\t\t\t\t\t<label for=\"form-field-name\" class=\"elementor-field-label\">\n\t\t\t\t\t\t\t\tNombre*\t\t\t\t\t\t\t<\/label>\n\t\t\t\t\t\t\t\t\t\t\t\t\t\t<input size=\"1\" type=\"text\" name=\"form_fields[name]\" id=\"form-field-name\" class=\"elementor-field elementor-size-sm  elementor-field-textual\">\n\t\t\t\t\t\t\t\t\t\t\t<\/div>\n\t\t\t\t\t\t\t\t<div class=\"elementor-field-type-email elementor-field-group elementor-column elementor-field-group-correo elementor-col-50 elementor-field-required\">\n\t\t\t\t\t\t\t\t\t\t\t\t<label for=\"form-field-correo\" class=\"elementor-field-label\">\n\t\t\t\t\t\t\t\tEmail*\t\t\t\t\t\t\t<\/label>\n\t\t\t\t\t\t\t\t\t\t\t\t\t\t<input size=\"1\" type=\"email\" name=\"form_fields[correo]\" id=\"form-field-correo\" class=\"elementor-field elementor-size-sm  elementor-field-textual\" required=\"required\">\n\t\t\t\t\t\t\t\t\t\t\t<\/div>\n\t\t\t\t\t\t\t\t<div class=\"elementor-field-type-text elementor-field-group elementor-column elementor-field-group-field_11c73e8 elementor-col-50 elementor-field-required\">\n\t\t\t\t\t\t\t\t\t\t\t\t<label for=\"form-field-field_11c73e8\" class=\"elementor-field-label\">\n\t\t\t\t\t\t\t\tCelular\t\t\t\t\t\t\t<\/label>\n\t\t\t\t\t\t\t\t\t\t\t\t\t\t<input size=\"1\" type=\"text\" name=\"form_fields[field_11c73e8]\" id=\"form-field-field_11c73e8\" class=\"elementor-field elementor-size-sm  elementor-field-textual\" required=\"required\">\n\t\t\t\t\t\t\t\t\t\t\t<\/div>\n\t\t\t\t\t\t\t\t<div class=\"elementor-field-type-text elementor-field-group elementor-column elementor-field-group-field_47282cc elementor-col-50 elementor-field-required\">\n\t\t\t\t\t\t\t\t\t\t\t\t<label for=\"form-field-field_47282cc\" class=\"elementor-field-label\">\n\t\t\t\t\t\t\t\tEdad\t\t\t\t\t\t\t<\/label>\n\t\t\t\t\t\t\t\t\t\t\t\t\t\t<input size=\"1\" type=\"text\" name=\"form_fields[field_47282cc]\" id=\"form-field-field_47282cc\" class=\"elementor-field elementor-size-sm  elementor-field-textual\" placeholder=\"Opcional\" required=\"required\">\n\t\t\t\t\t\t\t\t\t\t\t<\/div>\n\t\t\t\t\t\t\t\t<div class=\"elementor-field-type-text elementor-field-group elementor-column elementor-field-group-field_dd65cf1 elementor-col-100 elementor-field-required\">\n\t\t\t\t\t\t\t\t\t\t\t\t<label for=\"form-field-field_dd65cf1\" class=\"elementor-field-label\">\n\t\t\t\t\t\t\t\tDistrito\t\t\t\t\t\t\t<\/label>\n\t\t\t\t\t\t\t\t\t\t\t\t\t\t<input size=\"1\" type=\"text\" name=\"form_fields[field_dd65cf1]\" id=\"form-field-field_dd65cf1\" class=\"elementor-field elementor-size-sm  elementor-field-textual\" placeholder=\"Opcional\" required=\"required\">\n\t\t\t\t\t\t\t\t\t\t\t<\/div>\n\t\t\t\t\t\t\t\t<div class=\"elementor-field-group elementor-column elementor-field-type-submit elementor-col-100 e-form__buttons\">\n\t\t\t\t\t<button class=\"elementor-button elementor-size-sm\" type=\"submit\">\n\t\t\t\t\t\t<span class=\"elementor-button-content-wrapper\">\n\t\t\t\t\t\t\t\t\t\t\t\t\t\t\t\t\t\t\t\t\t\t<span class=\"elementor-button-text\">Enviar<\/span>\n\t\t\t\t\t\t\t\t\t\t\t\t\t<\/span>\n\t\t\t\t\t<\/button>\n\t\t\t\t<\/div>\n\t\t\t<\/div>\n\t\t<\/form>\n\t\t\t\t\t\t<\/div>\n\t\t\t\t\t<\/div>\n\t\t\t\t<\/div>\n\t\t\t\t<\/div>\n\t\t","protected":false},"excerpt":{"rendered":"<p>M\u00c1S INFORMACI\u00d3N Francisco Javier \u00c1lvarez Beret, mejor conocido como\u00a0Beret, es un cantante y compositor sevillano que se ha consolidado como una de las voces m\u00e1s sensibles, aut\u00e9nticas y representativas de la m\u00fasica en espa\u00f1ol. Con letras cargadas de emoci\u00f3n, honestidad y cercan\u00eda,\u00a0Beret\u00a0conecta de manera \u00fanica con el p\u00fablico, especialmente con las nuevas generaciones, que se [&hellip;]<\/p>\n","protected":false},"author":1,"featured_media":0,"parent":0,"menu_order":0,"comment_status":"closed","ping_status":"closed","template":"","meta":{"footnotes":""},"class_list":["post-15","page","type-page","status-publish","hentry"],"_links":{"self":[{"href":"https:\/\/musicmakerperu.com\/beret2026\/wp-json\/wp\/v2\/pages\/15","targetHints":{"allow":["GET"]}}],"collection":[{"href":"https:\/\/musicmakerperu.com\/beret2026\/wp-json\/wp\/v2\/pages"}],"about":[{"href":"https:\/\/musicmakerperu.com\/beret2026\/wp-json\/wp\/v2\/types\/page"}],"author":[{"embeddable":true,"href":"https:\/\/musicmakerperu.com\/beret2026\/wp-json\/wp\/v2\/users\/1"}],"replies":[{"embeddable":true,"href":"https:\/\/musicmakerperu.com\/beret2026\/wp-json\/wp\/v2\/comments?post=15"}],"version-history":[{"count":86,"href":"https:\/\/musicmakerperu.com\/beret2026\/wp-json\/wp\/v2\/pages\/15\/revisions"}],"predecessor-version":[{"id":138,"href":"https:\/\/musicmakerperu.com\/beret2026\/wp-json\/wp\/v2\/pages\/15\/revisions\/138"}],"wp:attachment":[{"href":"https:\/\/musicmakerperu.com\/beret2026\/wp-json\/wp\/v2\/media?parent=15"}],"curies":[{"name":"wp","href":"https:\/\/api.w.org\/{rel}","templated":true}]}}